{"id":7,"date":"2015-09-21T10:50:59","date_gmt":"2015-09-21T10:50:59","guid":{"rendered":"http:\/\/rionalonprevencion.com\/?page_id=7"},"modified":"2023-10-18T08:35:52","modified_gmt":"2023-10-18T08:35:52","slug":"servicios","status":"publish","type":"page","link":"https:\/\/rionalonprevencion.com\/index.php\/servicios\/","title":{"rendered":"Servicios"},"content":{"rendered":"<div class=\"widget\"><div class=\"widget-title\"><h3 class=\"nomargin\"><strong>SERVICIOS GENERALES<\/strong><\/h3><\/div><div class=\"widget-content\">\n<p><a href=\"http:\/\/rionalonprevencion.com\/wp-content\/uploads\/image-94.jpg\"><img loading=\"lazy\" decoding=\"async\" class=\"alignnone size-full wp-image-2352\" src=\"http:\/\/rionalonprevencion.com\/wp-content\/uploads\/servicios-generales.jpg\" alt=\"image-94\" width=\"1108\" height=\"199\" \/><\/a><\/p>\n<hr \/>\n<p>&nbsp;<\/p>\n<p>\u2022 Planes de Seguridad y Salud.<\/p>\n<p>\u2022 Documentos de Gesti\u00f3n Preventiva.<\/p>\n<p>\u2022 Brigadas de Seguridad.<\/p>\n<p>\u2022 Puesta a disposici\u00f3n de personal t\u00e9cnico cualificado para el desarrollo de las funciones espec\u00edficas como Coordinador de Seguridad y Salud en Fase de Ejecuci\u00f3n de Obra.<\/p>\n<p>\u2022 Cursos de formaci\u00f3n homologados por la Fundaci\u00f3n Laboral de la Construcci\u00f3n.<\/p>\n<\/div><\/div>\n<p>&nbsp;<\/p>\n<div class=\"widget\"><div class=\"widget-title\"><h3 class=\"nomargin\"><strong>SERVICIOS SECTOR CONSTRUCCI\u00d3N<\/strong><\/h3><\/div><div class=\"widget-content\">\n<p><a href=\"http:\/\/rionalonprevencion.com\/wp-content\/uploads\/slide3.jpg\"><img loading=\"lazy\" decoding=\"async\" class=\"alignnone wp-image-2207\" src=\"http:\/\/rionalonprevencion.com\/wp-content\/uploads\/servicios-sector-construccion.jpg\" alt=\"slide3\" width=\"1108\" height=\"199\" \/><\/a><\/p>\n<hr \/>\n<p>&nbsp;<\/p>\n<p>\u2022 Elaboraci\u00f3n de Plan de Prevenci\u00f3n<\/p>\n<p>\u2022 Evaluaciones de riesgos previa identificaci\u00f3n y clasificaci\u00f3n de riesgos<\/p>\n<p>\u2022 Planificaci\u00f3n de la acci\u00f3n preventiva<\/p>\n<p>\u2022 Formaci\u00f3n e informaci\u00f3n a los trabajadores<\/p>\n<p>\u2022 Visitas frecuentes de seguimiento<\/p>\n<p>\u2022 Asesoramiento en materia preventiva.<\/p>\n<p>\u2022 Investigaci\u00f3n de accidentes<\/p>\n<p>\u2022 Planes de emergencia y evacuaci\u00f3n<\/p>\n<p>\u2022 Simulacros de emergencia<\/p>\n<p>\u2022 Memoria anual de la actividad preventiva<\/p>\n<p>\u2022 Cursos en Prevenci\u00f3n de Riesgos Laborales<\/p>\n<\/div><\/div>\n<p>&nbsp;<\/p>\n<hr \/>\n<p><strong>Puesta en conformidad de equipos de trabajo y\/o m\u00e1quinasconforme al R.D. 1215\/97<\/strong><\/p>\n<hr \/>\n<p><strong>Se\u00f1alizaci\u00f3n homologada seg\u00fan normativa REAL DECRETO 485\/1997<\/strong><\/p>\n<hr \/>\n<p><strong>Todo tipo de mediciones para detectar cualquier tipo de contaminante, tanto f\u00edsico, qu\u00edmico como biol\u00f3gico.<\/strong><\/p>\n<hr \/>\n","protected":false},"excerpt":{"rendered":"<p>&nbsp; &nbsp; Puesta en conformidad de equipos de trabajo y\/o m\u00e1quinasconforme al R.D. 1215\/97 Se\u00f1alizaci\u00f3n homologada seg\u00fan normativa REAL DECRETO 485\/1997 Todo tipo de mediciones para detectar cualquier tipo de contaminante, tanto f\u00edsico, qu\u00edmico como biol\u00f3gico.<\/p>\n","protected":false},"author":1,"featured_media":0,"parent":0,"menu_order":0,"comment_status":"closed","ping_status":"closed","template":"","meta":{"_bbp_topic_count":0,"_bbp_reply_count":0,"_bbp_total_topic_count":0,"_bbp_total_reply_count":0,"_bbp_voice_count":0,"_bbp_anonymous_reply_count":0,"_bbp_topic_count_hidden":0,"_bbp_reply_count_hidden":0,"_bbp_forum_subforum_count":0,"footnotes":""},"class_list":["post-7","page","type-page","status-publish","hentry"],"_links":{"self":[{"href":"https:\/\/rionalonprevencion.com\/index.php\/wp-json\/wp\/v2\/pages\/7","targetHints":{"allow":["GET"]}}],"collection":[{"href":"https:\/\/rionalonprevencion.com\/index.php\/wp-json\/wp\/v2\/pages"}],"about":[{"href":"https:\/\/rionalonprevencion.com\/index.php\/wp-json\/wp\/v2\/types\/page"}],"author":[{"embeddable":true,"href":"https:\/\/rionalonprevencion.com\/index.php\/wp-json\/wp\/v2\/users\/1"}],"replies":[{"embeddable":true,"href":"https:\/\/rionalonprevencion.com\/index.php\/wp-json\/wp\/v2\/comments?post=7"}],"version-history":[{"count":16,"href":"https:\/\/rionalonprevencion.com\/index.php\/wp-json\/wp\/v2\/pages\/7\/revisions"}],"predecessor-version":[{"id":2669,"href":"https:\/\/rionalonprevencion.com\/index.php\/wp-json\/wp\/v2\/pages\/7\/revisions\/2669"}],"wp:attachment":[{"href":"https:\/\/rionalonprevencion.com\/index.php\/wp-json\/wp\/v2\/media?parent=7"}],"curies":[{"name":"wp","href":"https:\/\/api.w.org\/{rel}","templated":true}]}}