{"id":25,"date":"2015-09-21T13:42:33","date_gmt":"2015-09-21T13:42:33","guid":{"rendered":"http:\/\/rionalonprevencion.com\/?page_id=25"},"modified":"2026-03-06T10:58:05","modified_gmt":"2026-03-06T10:58:05","slug":"contacto","status":"publish","type":"page","link":"https:\/\/rionalonprevencion.com\/index.php\/contacto\/","title":{"rendered":"Contacto"},"content":{"rendered":"<p style=\"text-align: center;\"><a href=\"http:\/\/rionalonprevencion.com\/wp-content\/uploads\/LOGO-RNP-2016.png\"><img loading=\"lazy\" decoding=\"async\" class=\"alignnone wp-image-2494 size-medium aligncenter\" src=\"http:\/\/rionalonprevencion.com\/wp-content\/uploads\/LOGO-RNP-2016-300x242.png\" alt=\"\" width=\"300\" height=\"242\" srcset=\"https:\/\/rionalonprevencion.com\/wp-content\/uploads\/LOGO-RNP-2016-300x242.png 300w, https:\/\/rionalonprevencion.com\/wp-content\/uploads\/LOGO-RNP-2016-420x338.png 420w, https:\/\/rionalonprevencion.com\/wp-content\/uploads\/LOGO-RNP-2016-738x594.png 738w, https:\/\/rionalonprevencion.com\/wp-content\/uploads\/LOGO-RNP-2016.png 745w\" sizes=\"auto, (max-width: 300px) 100vw, 300px\" \/><\/a><\/p>\n<h1 style=\"text-align: center;\"><strong>RIO NALON PREVENCION S.L.<\/strong><\/h1>\n<h2 style=\"text-align: center;\">N\u00ba Acreditaci\u00f3n 33\/0048\/07<\/h2>\n<p style=\"text-align: center;\"><div class=\"sixcol column\">\n<h1 style=\"text-align: center;\">SEDE PRAVIA<\/h1>\n<p style=\"text-align: center;\">C\/ Reina Adosinda 9 Bajo<\/p>\n<p style=\"text-align: center;\">Pravia, Asturias<\/p>\n<p style=\"text-align: center;\">Tel\u00e9fono: 984 11 03 03<\/p>\n<p style=\"text-align: center;\">e-mail: info@rionalonprevencion.com<\/p>\n<h2 style=\"text-align: center;\">Formulario de contacto<\/h2>\n<p style=\"text-align: center;\">\n<div class=\"wpcf7 no-js\" id=\"wpcf7-f13-o1\" lang=\"es-ES\" dir=\"ltr\" data-wpcf7-id=\"13\">\n<div class=\"screen-reader-response\"><p role=\"status\" aria-live=\"polite\" aria-atomic=\"true\"><\/p> <ul><\/ul><\/div>\n<form action=\"\/index.php\/wp-json\/wp\/v2\/pages\/25#wpcf7-f13-o1\" method=\"post\" class=\"wpcf7-form init\" aria-label=\"Formulario de contacto\" novalidate=\"novalidate\" data-status=\"init\">\n<fieldset class=\"hidden-fields-container\"><input type=\"hidden\" name=\"_wpcf7\" value=\"13\" \/><input type=\"hidden\" name=\"_wpcf7_version\" value=\"6.1.5\" \/><input type=\"hidden\" name=\"_wpcf7_locale\" value=\"es_ES\" \/><input type=\"hidden\" name=\"_wpcf7_unit_tag\" value=\"wpcf7-f13-o1\" \/><input type=\"hidden\" name=\"_wpcf7_container_post\" value=\"0\" \/><input type=\"hidden\" name=\"_wpcf7_posted_data_hash\" value=\"\" \/>\n<\/fieldset>\n<p>Nombre (requerido)\n<\/p>\n<p><span class=\"wpcf7-form-control-wrap\" data-name=\"your-name\"><input size=\"40\" maxlength=\"400\" class=\"wpcf7-form-control wpcf7-text wpcf7-validates-as-required\" aria-required=\"true\" aria-invalid=\"false\" value=\"\" type=\"text\" name=\"your-name\" \/><\/span>\n<\/p>\n<p>Correo electr\u00f3nico (requerido)\n<\/p>\n<p><span class=\"wpcf7-form-control-wrap\" data-name=\"your-email\"><input size=\"40\" maxlength=\"400\" class=\"wpcf7-form-control wpcf7-email wpcf7-validates-as-required wpcf7-text wpcf7-validates-as-email\" aria-required=\"true\" aria-invalid=\"false\" value=\"\" type=\"email\" name=\"your-email\" \/><\/span>\n<\/p>\n<p>Asunto\n<\/p>\n<p><span class=\"wpcf7-form-control-wrap\" data-name=\"your-subject\"><input size=\"40\" maxlength=\"400\" class=\"wpcf7-form-control wpcf7-text\" aria-invalid=\"false\" value=\"\" type=\"text\" name=\"your-subject\" \/><\/span>\n<\/p>\n<p>Mensaje\n<\/p>\n<p><span class=\"wpcf7-form-control-wrap\" data-name=\"your-message\"><textarea cols=\"40\" rows=\"10\" maxlength=\"2000\" class=\"wpcf7-form-control wpcf7-textarea\" aria-invalid=\"false\" name=\"your-message\"><\/textarea><\/span>\n<\/p>\n<p><span class=\"wpcf7-form-control-wrap kc_captcha cf7ic-toggle\" data-name=\"kc_captcha\"><span class=\"wpcf7-form-control wpcf7-radio\"><span class=\"captcha-image\" style=\"display: none;\"><span class=\"cf7ic_instructions\">Por favor, prueba que eres humano seleccionando el<span> bandera<\/span>.<\/span><label><input aria-label=\"1\" type=\"radio\" name=\"kc_captcha\" value=\"bot\" \/><svg aria-hidden=\"true\" role=\"img\" xmlns=\"http:\/\/www.w3.org\/2000\/svg\" viewBox=\"0 0 576 512\"><path fill=\"currentColor\" d=\"M259 18l-65 132-146 22c-26 3-37 36-18 54l106 103-25 146c-5 26 23 46 46 33l131-68 131 68c23 13 51-7 46-33l-25-146 106-103c19-18 8-51-18-54l-146-22-65-132a32 32 0 00-58 0z\"\/><\/svg><\/label><label><input aria-label=\"2\" type=\"radio\" name=\"kc_captcha\" value=\"bot\" \/><svg aria-hidden=\"true\" role=\"img\" xmlns=\"http:\/\/www.w3.org\/2000\/svg\" viewBox=\"0 0 640 512\"><path fill=\"currentColor\" d=\"M192 384h192c53 0 96-43 96-96h32a128 128 0 000-256H120c-13 0-24 11-24 24v232c0 53 43 96 96 96zM512 96a64 64 0 010 128h-32V96h32zm48 384H48c-47 0-61-64-36-64h584c25 0 11 64-36 64z\"\/><\/svg><\/label><label><input aria-label=\"3\" type=\"radio\" name=\"kc_captcha\" value=\"kc_human\" \/><svg aria-hidden=\"true\" role=\"img\" xmlns=\"http:\/\/www.w3.org\/2000\/svg\" viewBox=\"0 0 512 512\"><path fill=\"currentColor\" d=\"M350 99c-54 0-98-35-166-35-25 0-47 4-68 12a56 56 0 004-24C118 24 95 1 66 0a56 56 0 00-34 102v386c0 13 11 24 24 24h16c13 0 24-11 24-24v-94c28-12 64-23 114-23 54 0 98 35 166 35 48 0 86-16 122-41 9-6 14-15 14-26V96c0-23-24-39-45-29-35 16-77 32-117 32z\"\/><\/svg><\/label>\r\n    <\/span>\r\n    <span style=\"display:none\">\r\n        <input type=\"text\" name=\"kc_honeypot\">\r\n    <\/span><\/span><\/span>\n<\/p>\n<p><b>Responsable del Tratamiento:<\/b> RIO NALON PREVENCION, S.L. con CIF B74206996, cuyo domicilio social se sit\u00faa en C\/ Reina Adosinda, 9 Bajo, 33120, Pravia, Asturias.<br \/>\nFinalidad del Tratamiento: Dar respuesta a las solicitudes de informaci\u00f3n del usuario a trav\u00e9s del sitio web. Para la gesti\u00f3n, administraci\u00f3n, facturaci\u00f3n, informaci\u00f3n, prestaci\u00f3n y mejora del servicio.\n<\/p>\n<p><b>Comunicaciones comerciales:<\/b> Solo le enviaremos comunicaciones de tipo comercial, siempre que se sean de su inter\u00e9s, con su autorizaci\u00f3n previa, que podr\u00e1 facilitarnos mediante la casilla correspondiente establecida al efecto.\n<\/p>\n<p><b>Base de legitimaci\u00f3n del tratamiento:<\/b> El consentimiento del interesado obtenido mediante la aceptaci\u00f3n de la casilla correspondiente.<br \/>\nDerechos en protecci\u00f3n de datos: Puede ejercer sus derechos de acceso, rectificaci\u00f3n, oposici\u00f3n, supresi\u00f3n, limitaci\u00f3n del tratamiento y portabilidad en el correo <a href=\"mailto:info@rionalonprevencion.com\">info@rionalonprevencion.com<\/a>. En caso de entender que no se le atienden de manera adecuada, puede presentar una reclamaci\u00f3n ante la Agencia Espa\u00f1ola de Protecci\u00f3n de Datos (AEPD) <a href=\"https:\/\/www.aepd.es\/es\" target=\"_blank\">https:\/\/www.aepd.es\/es<\/a>.\n<\/p>\n<p><b>Informaci\u00f3n adicional<\/b>\n<\/p>\n<p>M\u00e1s informaci\u00f3n en la <a href=\"\/index.php\/politica-de-privacidad\/\" target=\"_blank\"> POL\u00cdTICA DE PRIVACIDAD<\/a>\n<\/p>\n<p><span class=\"wpcf7-form-control-wrap\" data-name=\"acceptance-573\"><span class=\"wpcf7-form-control wpcf7-acceptance\"><span class=\"wpcf7-list-item\"><label><input type=\"checkbox\" name=\"acceptance-573\" value=\"1\" aria-invalid=\"false\" \/><span class=\"wpcf7-list-item-label\">He le\u00eddo y acepto la <a href=\"\/index.php\/politica-de-privacidad\/\" target=\"_blank\"> pol\u00edtica de privacidad <\/a><\/span><\/label><\/span><\/span><\/span>\n<\/p>\n<p><input class=\"wpcf7-form-control wpcf7-submit has-spinner\" type=\"submit\" value=\"Enviar\" \/>\n<\/p><div class=\"wpcf7-response-output\" aria-hidden=\"true\"><\/div>\n<\/form>\n<\/div>\n<p style=\"text-align: center;\"><\/div>\n<p style=\"text-align: center;\"><div class=\"sixcol column last\">\n<h1 style=\"text-align: center;\">SEDE\u00a0<u>LLANERA<\/u><\/h1>\n<p style=\"text-align: center;\">P.I. Asipo II, Plaza Santa B\u00e1rbara 2, Bajo 2B<\/p>\n<p style=\"text-align: center;\">33428 \u2013 Llanera, Asturias<\/p>\n<p style=\"text-align: center;\">Tel\u00e9fono: 985 73 73 14<\/p>\n<p style=\"text-align: center;\">e-mail: rfernandez@rionalonprevencion.com<\/p>\n<h2 style=\"text-align: center;\">Formulario de contacto<\/h2>\n<p style=\"text-align: center;\">\n<div class=\"wpcf7 no-js\" id=\"wpcf7-f2692-o2\" lang=\"es-ES\" dir=\"ltr\" data-wpcf7-id=\"2692\">\n<div class=\"screen-reader-response\"><p role=\"status\" aria-live=\"polite\" aria-atomic=\"true\"><\/p> <ul><\/ul><\/div>\n<form action=\"\/index.php\/wp-json\/wp\/v2\/pages\/25#wpcf7-f2692-o2\" method=\"post\" class=\"wpcf7-form init\" aria-label=\"Formulario de contacto\" novalidate=\"novalidate\" data-status=\"init\">\n<fieldset class=\"hidden-fields-container\"><input type=\"hidden\" name=\"_wpcf7\" value=\"2692\" \/><input type=\"hidden\" name=\"_wpcf7_version\" value=\"6.1.5\" \/><input type=\"hidden\" name=\"_wpcf7_locale\" value=\"es_ES\" \/><input type=\"hidden\" name=\"_wpcf7_unit_tag\" value=\"wpcf7-f2692-o2\" \/><input type=\"hidden\" name=\"_wpcf7_container_post\" value=\"0\" \/><input type=\"hidden\" name=\"_wpcf7_posted_data_hash\" value=\"\" \/>\n<\/fieldset>\n<p>Nombre (requerido)\n<\/p>\n<p><span class=\"wpcf7-form-control-wrap\" data-name=\"your-name\"><input size=\"40\" maxlength=\"400\" class=\"wpcf7-form-control wpcf7-text wpcf7-validates-as-required\" aria-required=\"true\" aria-invalid=\"false\" value=\"\" type=\"text\" name=\"your-name\" \/><\/span>\n<\/p>\n<p>Correo electr\u00f3nico (requerido)\n<\/p>\n<p><span class=\"wpcf7-form-control-wrap\" data-name=\"your-email\"><input size=\"40\" maxlength=\"400\" class=\"wpcf7-form-control wpcf7-email wpcf7-validates-as-required wpcf7-text wpcf7-validates-as-email\" aria-required=\"true\" aria-invalid=\"false\" value=\"\" type=\"email\" name=\"your-email\" \/><\/span>\n<\/p>\n<p>Asunto\n<\/p>\n<p><span class=\"wpcf7-form-control-wrap\" data-name=\"your-subject\"><input size=\"40\" maxlength=\"400\" class=\"wpcf7-form-control wpcf7-text\" aria-invalid=\"false\" value=\"\" type=\"text\" name=\"your-subject\" \/><\/span>\n<\/p>\n<p>Mensaje\n<\/p>\n<p><span class=\"wpcf7-form-control-wrap\" data-name=\"your-message\"><textarea cols=\"40\" rows=\"10\" maxlength=\"2000\" class=\"wpcf7-form-control wpcf7-textarea\" aria-invalid=\"false\" name=\"your-message\"><\/textarea><\/span>\n<\/p>\n<p><span class=\"wpcf7-form-control-wrap kc_captcha cf7ic-toggle\" data-name=\"kc_captcha\"><span class=\"wpcf7-form-control wpcf7-radio\"><span class=\"captcha-image\" style=\"display: none;\"><span class=\"cf7ic_instructions\">Por favor, prueba que eres humano seleccionando el<span> \u00e1rbol<\/span>.<\/span><label><input aria-label=\"1\" type=\"radio\" name=\"kc_captcha\" value=\"bot\" \/><svg aria-hidden=\"true\" role=\"img\" xmlns=\"http:\/\/www.w3.org\/2000\/svg\" viewBox=\"0 0 576 512\"><path fill=\"currentColor\" d=\"M488 313v143c0 13-11 24-24 24H348c-7 0-12-5-12-12V356c0-7-5-12-12-12h-72c-7 0-12 5-12 12v112c0 7-5 12-12 12H112c-13 0-24-11-24-24V313c0-4 2-7 4-10l188-154c5-4 11-4 16 0l188 154c2 3 4 6 4 10zm84-61l-84-69V44c0-6-5-12-12-12h-56c-7 0-12 6-12 12v73l-89-74a48 48 0 00-61 0L4 252c-5 4-5 12-1 17l25 31c5 5 12 5 17 1l235-193c5-4 11-4 16 0l235 193c5 5 13 4 17-1l25-31c4-6 4-13-1-17z\"\/><\/svg><\/label><label><input aria-label=\"2\" type=\"radio\" name=\"kc_captcha\" value=\"bot\" \/><svg aria-hidden=\"true\" role=\"img\" xmlns=\"http:\/\/www.w3.org\/2000\/svg\" viewBox=\"0 0 640 512\"><path fill=\"currentColor\" d=\"M192 384h192c53 0 96-43 96-96h32a128 128 0 000-256H120c-13 0-24 11-24 24v232c0 53 43 96 96 96zM512 96a64 64 0 010 128h-32V96h32zm48 384H48c-47 0-61-64-36-64h584c25 0 11 64-36 64z\"\/><\/svg><\/label><label><input aria-label=\"3\" type=\"radio\" name=\"kc_captcha\" value=\"kc_human\" \/><svg aria-hidden=\"true\" role=\"img\" xmlns=\"http:\/\/www.w3.org\/2000\/svg\" viewBox=\"0 0 384 512\"><path fill=\"currentColor\" d=\"M377 375l-83-87h34c21 0 32-25 17-40l-82-88h33c21 0 32-25 18-40L210 8c-10-11-26-11-36 0L70 120c-14 15-3 40 18 40h33l-82 88c-15 15-4 40 17 40h34L7 375c-15 16-4 41 17 41h120c0 33-11 49-34 68-12 9-5 28 10 28h144c15 0 22-19 10-28-20-16-34-32-34-68h120c21 0 32-25 17-41z\"\/><\/svg><\/label>\r\n    <\/span>\r\n    <span style=\"display:none\">\r\n        <input type=\"text\" name=\"kc_honeypot\">\r\n    <\/span><\/span><\/span>\n<\/p>\n<p><b>Responsable del Tratamiento:<\/b> RIO NALON PREVENCION, S.L. con CIF B74206996, cuyo domicilio social se sit\u00faa en C\/ Reina Adosinda, 9 Bajo, 33120, Pravia, Asturias.<br \/>\nFinalidad del Tratamiento: Dar respuesta a las solicitudes de informaci\u00f3n del usuario a trav\u00e9s del sitio web. Para la gesti\u00f3n, administraci\u00f3n, facturaci\u00f3n, informaci\u00f3n, prestaci\u00f3n y mejora del servicio.\n<\/p>\n<p><b>Comunicaciones comerciales:<\/b> Solo le enviaremos comunicaciones de tipo comercial, siempre que se sean de su inter\u00e9s, con su autorizaci\u00f3n previa, que podr\u00e1 facilitarnos mediante la casilla correspondiente establecida al efecto.\n<\/p>\n<p><b>Base de legitimaci\u00f3n del tratamiento:<\/b> El consentimiento del interesado obtenido mediante la aceptaci\u00f3n de la casilla correspondiente.<br \/>\nDerechos en protecci\u00f3n de datos: Puede ejercer sus derechos de acceso, rectificaci\u00f3n, oposici\u00f3n, supresi\u00f3n, limitaci\u00f3n del tratamiento y portabilidad en el correo <a href=\"mailto:info@rionalonprevencion.com\">info@rionalonprevencion.com<\/a>. En caso de entender que no se le atienden de manera adecuada, puede presentar una reclamaci\u00f3n ante la Agencia Espa\u00f1ola de Protecci\u00f3n de Datos (AEPD) <a href=\"https:\/\/www.aepd.es\/es\" target=\"_blank\">https:\/\/www.aepd.es\/es<\/a>.\n<\/p>\n<p><b>Informaci\u00f3n adicional<\/b>\n<\/p>\n<p>M\u00e1s informaci\u00f3n en la <a href=\"\/index.php\/politica-de-privacidad\/\" target=\"_blank\"> POL\u00cdTICA DE PRIVACIDAD<\/a>\n<\/p>\n<p><span class=\"wpcf7-form-control-wrap\" data-name=\"acceptance-573\"><span class=\"wpcf7-form-control wpcf7-acceptance\"><span class=\"wpcf7-list-item\"><label><input type=\"checkbox\" name=\"acceptance-573\" value=\"1\" aria-invalid=\"false\" \/><span class=\"wpcf7-list-item-label\">He le\u00eddo y acepto la <a href=\"\/index.php\/politica-de-privacidad\/\" target=\"_blank\"> pol\u00edtica de privacidad <\/a><\/span><\/label><\/span><\/span><\/span>\n<\/p>\n<p><input class=\"wpcf7-form-control wpcf7-submit has-spinner\" type=\"submit\" value=\"Enviar\" \/>\n<\/p><div class=\"wpcf7-response-output\" aria-hidden=\"true\"><\/div>\n<\/form>\n<\/div>\n<p style=\"text-align: center;\"><\/div><div class=\"clear\"><\/div>\n","protected":false},"excerpt":{"rendered":"<p>RIO NALON PREVENCION S.L. N\u00ba Acreditaci\u00f3n 33\/0048\/07<\/p>\n","protected":false},"author":1,"featured_media":0,"parent":0,"menu_order":0,"comment_status":"closed","ping_status":"closed","template":"","meta":{"_bbp_topic_count":0,"_bbp_reply_count":0,"_bbp_total_topic_count":0,"_bbp_total_reply_count":0,"_bbp_voice_count":0,"_bbp_anonymous_reply_count":0,"_bbp_topic_count_hidden":0,"_bbp_reply_count_hidden":0,"_bbp_forum_subforum_count":0,"footnotes":""},"class_list":["post-25","page","type-page","status-publish","hentry"],"_links":{"self":[{"href":"https:\/\/rionalonprevencion.com\/index.php\/wp-json\/wp\/v2\/pages\/25","targetHints":{"allow":["GET"]}}],"collection":[{"href":"https:\/\/rionalonprevencion.com\/index.php\/wp-json\/wp\/v2\/pages"}],"about":[{"href":"https:\/\/rionalonprevencion.com\/index.php\/wp-json\/wp\/v2\/types\/page"}],"author":[{"embeddable":true,"href":"https:\/\/rionalonprevencion.com\/index.php\/wp-json\/wp\/v2\/users\/1"}],"replies":[{"embeddable":true,"href":"https:\/\/rionalonprevencion.com\/index.php\/wp-json\/wp\/v2\/comments?post=25"}],"version-history":[{"count":24,"href":"https:\/\/rionalonprevencion.com\/index.php\/wp-json\/wp\/v2\/pages\/25\/revisions"}],"predecessor-version":[{"id":2703,"href":"https:\/\/rionalonprevencion.com\/index.php\/wp-json\/wp\/v2\/pages\/25\/revisions\/2703"}],"wp:attachment":[{"href":"https:\/\/rionalonprevencion.com\/index.php\/wp-json\/wp\/v2\/media?parent=25"}],"curies":[{"name":"wp","href":"https:\/\/api.w.org\/{rel}","templated":true}]}}