{"id":2112,"date":"2013-02-10T18:20:30","date_gmt":"2013-02-10T18:20:30","guid":{"rendered":"http:\/\/themextemplates.com\/demo\/academy\/?page_id=2112"},"modified":"2023-10-09T09:25:22","modified_gmt":"2023-10-09T09:25:22","slug":"plans","status":"publish","type":"page","link":"https:\/\/rionalonprevencion.com\/index.php\/plans\/","title":{"rendered":"Especialidades"},"content":{"rendered":"<div class=\"threecol column\">\n<div id=\"attachment_2277\" style=\"width: 160px\" class=\"wp-caption aligncenter\"><img loading=\"lazy\" decoding=\"async\" aria-describedby=\"caption-attachment-2277\" class=\"wp-image-2277 size-thumbnail\" src=\"http:\/\/rionalonprevencion.com\/wp-content\/uploads\/seguridad.jpg\" alt=\"\" width=\"150\" height=\"150\" data-wp-editing=\"1\" \/><p id=\"caption-attachment-2277\" class=\"wp-caption-text\">Seguridad<\/p><\/div>\n<div class=\"widget aligncenter\">\n\t<div class=\"widget-title\">\n\t\t<h1 class=\"nomargin aligncenter\">Seguridad en el trabajo<\/h1>\n\t<\/div>\n\t<div class=\"plan-preview\">\n\t\t\t\t\n\t\t<div class=\"plan-description\">\n\t\t\t<ul class=\"bordered\">\n<li>Evaluaci\u00f3n inicial de riesgos.<\/li>\n<li>Se\u00f1alizaci\u00f3n de los centros de trabajo.<\/li>\n<li>Seguridad en m\u00e1quinas.<\/li>\n<li>Seguridad en herramientas.<\/li>\n<li>Seguridad en instalaciones el\u00e9ctricas.<\/li>\n<li>Incendios.<\/li>\n<li>Plan de prevenci\u00f3n.<\/li>\n<li>Accidentes.<\/li>\n<li>Asesoramiento en materia de riesgos.<\/li>\n<\/ul>\n\t\t<\/div>\n\t\t\t\t<footer class=\"plan-footer\">\n\t\t\t<form action=\"https:\/\/rionalonprevencion.com\/index.php\/register\" method=\"POST\">\t\t\t\t\n\t\t\t\t<!--<a href=\"#\" class=\"element-button submit-button secondary\">Informacion<\/a>-->\n\t\t\t\t<a href=\"\/index.php\/contacto\/\" class=\"element-button submit-button secondary\">Informaci\u00f3n<\/a>\n\t\t\t\t<input type=\"hidden\" name=\"course_action\" value=\"subscribe_user\" \/>\n\t\t\t\t<input type=\"hidden\" name=\"plan_id\" value=\"2126\" \/>\n\t\t\t\t<input type=\"hidden\" name=\"user_redirect\" value=\"2126\" \/>\n\t\t\t\t<input type=\"hidden\" name=\"nonce\" class=\"nonce\" value=\"05e52ad4fa\" \/>\n\t\t\t\t<input type=\"hidden\" name=\"action\" class=\"action\" value=\"themex_update_course\" \/>\n\t\t\t<\/form>\n\t\t<\/footer>\n\t\t\t<\/div>\n<\/div><\/div>\n<div class=\"threecol column\">\n<div id=\"attachment_2314\" style=\"width: 160px\" class=\"wp-caption aligncenter\"><img loading=\"lazy\" decoding=\"async\" aria-describedby=\"caption-attachment-2314\" class=\"wp-image-2314 size-thumbnail\" src=\"http:\/\/rionalonprevencion.com\/wp-content\/uploads\/ergonomia-1.jpg\" alt=\"higiene-industrial\" width=\"150\" height=\"150\" \/><p id=\"caption-attachment-2314\" class=\"wp-caption-text\">Higiene<\/p><\/div>\n<div class=\"widget aligncenter\">\n\t<div class=\"widget-title\">\n\t\t<h1 class=\"nomargin aligncenter\">Higiene industrial<\/h1>\n\t<\/div>\n\t<div class=\"plan-preview\">\n\t\t\t\t\n\t\t<div class=\"plan-description\">\n\t\t\t<ul class=\"bordered\">\n<li>Mediciones de niveles de iluminaci\u00f3n.<\/li>\n<li>Mediciones de niveles de ruidos.<\/li>\n<li>Mediciones de contaminantes biol\u00f3gicos<\/li>\n<li>Mediciones de polvo.<\/li>\n<li>Determinaci\u00f3n de contaminantes qu\u00edmicos.<\/li>\n<li>Mediciones de niveles de vibraci\u00f3n.<\/li>\n<li>Determinaci\u00f3n del estr\u00e9s t\u00e9rmico.<\/li>\n<\/ul>\n\t\t<\/div>\n\t\t\t\t<footer class=\"plan-footer\">\n\t\t\t<form action=\"https:\/\/rionalonprevencion.com\/index.php\/register\" method=\"POST\">\t\t\t\t\n\t\t\t\t<!--<a href=\"#\" class=\"element-button submit-button secondary\">Informacion<\/a>-->\n\t\t\t\t<a href=\"\/index.php\/contacto\/\" class=\"element-button submit-button secondary\">Informaci\u00f3n<\/a>\n\t\t\t\t<input type=\"hidden\" name=\"course_action\" value=\"subscribe_user\" \/>\n\t\t\t\t<input type=\"hidden\" name=\"plan_id\" value=\"2115\" \/>\n\t\t\t\t<input type=\"hidden\" name=\"user_redirect\" value=\"2115\" \/>\n\t\t\t\t<input type=\"hidden\" name=\"nonce\" class=\"nonce\" value=\"05e52ad4fa\" \/>\n\t\t\t\t<input type=\"hidden\" name=\"action\" class=\"action\" value=\"themex_update_course\" \/>\n\t\t\t<\/form>\n\t\t<\/footer>\n\t\t\t<\/div>\n<\/div><\/div>\n<div class=\"threecol column\">\n<div id=\"attachment_2266\" style=\"width: 160px\" class=\"wp-caption aligncenter\"><img loading=\"lazy\" decoding=\"async\" aria-describedby=\"caption-attachment-2266\" class=\"wp-image-2266 size-thumbnail\" src=\"http:\/\/rionalonprevencion.com\/wp-content\/uploads\/higiene.jpg\" alt=\"\" width=\"150\" height=\"150\" \/><p id=\"caption-attachment-2266\" class=\"wp-caption-text\">Ergonom\u00eda y Psicosociolog\u00eda aplicada<\/p><\/div>\n<div class=\"widget aligncenter\">\n\t<div class=\"widget-title\">\n\t\t<h1 class=\"nomargin aligncenter\">Ergonom\u00eda y Psicosociolog\u00eda aplicada<\/h1>\n\t<\/div>\n\t<div class=\"plan-preview\">\n\t\t\t\t\n\t\t<div class=\"plan-description\">\n\t\t\t<ul class=\"bordered\">\n<li>Escalas de apreciaci\u00f3n de estr\u00e9s.<\/li>\n<li>Determinaci\u00f3n y prevenci\u00f3n del acoso moral.<\/li>\n<li>Riesgos psicosociales determinados.<\/li>\n<li>Determinaci\u00f3n de motivaci\u00f3n\/desmotivaci\u00f3n laboral.<\/li>\n<li>Determinaci\u00f3n del clima laboral.<\/li>\n<li>Dise\u00f1o de puestos de trabajo.<\/li>\n<li>Dise\u00f1o de entornos de trabajo<\/li>\n<li>Dise\u00f1o de herramientas de trabajo.<\/li>\n<\/ul>\n\t\t<\/div>\n\t\t\t\t<footer class=\"plan-footer\">\n\t\t\t<form action=\"https:\/\/rionalonprevencion.com\/index.php\/register\" method=\"POST\">\t\t\t\t\n\t\t\t\t<!--<a href=\"#\" class=\"element-button submit-button secondary\">Informacion<\/a>-->\n\t\t\t\t<a href=\"\/index.php\/contacto\/\" class=\"element-button submit-button secondary\">Informaci\u00f3n<\/a>\n\t\t\t\t<input type=\"hidden\" name=\"course_action\" value=\"subscribe_user\" \/>\n\t\t\t\t<input type=\"hidden\" name=\"plan_id\" value=\"2127\" \/>\n\t\t\t\t<input type=\"hidden\" name=\"user_redirect\" value=\"2127\" \/>\n\t\t\t\t<input type=\"hidden\" name=\"nonce\" class=\"nonce\" value=\"05e52ad4fa\" \/>\n\t\t\t\t<input type=\"hidden\" name=\"action\" class=\"action\" value=\"themex_update_course\" \/>\n\t\t\t<\/form>\n\t\t<\/footer>\n\t\t\t<\/div>\n<\/div><\/div>\n<div class=\"threecol column last\">\n<div id=\"attachment_2316\" style=\"width: 160px\" class=\"wp-caption aligncenter\"><img loading=\"lazy\" decoding=\"async\" aria-describedby=\"caption-attachment-2316\" class=\"wp-image-2316 size-thumbnail\" src=\"http:\/\/rionalonprevencion.com\/wp-content\/uploads\/medicina.jpg\" alt=\"\" width=\"150\" height=\"150\" \/><p id=\"caption-attachment-2316\" class=\"wp-caption-text\">Medicina del trabajo<\/p><\/div>\n<div class=\"widget aligncenter\">\n\t<div class=\"widget-title\">\n\t\t<h1 class=\"nomargin aligncenter\">Medicina del trabajo<\/h1>\n\t<\/div>\n\t<div class=\"plan-preview\">\n\t\t\t\t\n\t\t<div class=\"plan-description\">\n\t\t\t<ul>\n<li>Evaluaci\u00f3n de la salud incial prelaboral<\/li>\n<li>Evaluaci\u00f3n\u00a0 de la salud tras asignaci\u00f3n de nuevas tareas<\/li>\n<li>Evaluaci\u00f3n de salud tras ausencias prolongadas<\/li>\n<li>Protocolos espec\u00edficos de vigilancia de la salud<\/li>\n<\/ul>\n\t\t<\/div>\n\t\t\t\t<footer class=\"plan-footer\">\n\t\t\t<form action=\"https:\/\/rionalonprevencion.com\/index.php\/register\" method=\"POST\">\t\t\t\t\n\t\t\t\t<!--<a href=\"#\" class=\"element-button submit-button secondary\">Informacion<\/a>-->\n\t\t\t\t<a href=\"\/index.php\/contacto\/\" class=\"element-button submit-button secondary\">Informaci\u00f3n<\/a>\n\t\t\t\t<input type=\"hidden\" name=\"course_action\" value=\"subscribe_user\" \/>\n\t\t\t\t<input type=\"hidden\" name=\"plan_id\" value=\"2128\" \/>\n\t\t\t\t<input type=\"hidden\" name=\"user_redirect\" value=\"2128\" \/>\n\t\t\t\t<input type=\"hidden\" name=\"nonce\" class=\"nonce\" value=\"05e52ad4fa\" \/>\n\t\t\t\t<input type=\"hidden\" name=\"action\" class=\"action\" value=\"themex_update_course\" \/>\n\t\t\t<\/form>\n\t\t<\/footer>\n\t\t\t<\/div>\n<\/div><\/div><div class=\"clear\"><\/div>\n","protected":false},"excerpt":{"rendered":"Evaluaci\u00f3n de la salud incial prelaboral Evaluaci\u00f3n\u00a0 de la salud tras asignaci\u00f3n de nuevas tareas Evaluaci\u00f3n de salud tras ausencias prolongadas Protocolos espec\u00edficos de vigilancia de la salud","protected":false},"author":1,"featured_media":0,"parent":0,"menu_order":0,"comment_status":"closed","ping_status":"closed","template":"","meta":{"_bbp_topic_count":0,"_bbp_reply_count":0,"_bbp_total_topic_count":0,"_bbp_total_reply_count":0,"_bbp_voice_count":0,"_bbp_anonymous_reply_count":0,"_bbp_topic_count_hidden":0,"_bbp_reply_count_hidden":0,"_bbp_forum_subforum_count":0,"footnotes":""},"class_list":["post-2112","page","type-page","status-publish","hentry"],"_links":{"self":[{"href":"https:\/\/rionalonprevencion.com\/index.php\/wp-json\/wp\/v2\/pages\/2112","targetHints":{"allow":["GET"]}}],"collection":[{"href":"https:\/\/rionalonprevencion.com\/index.php\/wp-json\/wp\/v2\/pages"}],"about":[{"href":"https:\/\/rionalonprevencion.com\/index.php\/wp-json\/wp\/v2\/types\/page"}],"author":[{"embeddable":true,"href":"https:\/\/rionalonprevencion.com\/index.php\/wp-json\/wp\/v2\/users\/1"}],"replies":[{"embeddable":true,"href":"https:\/\/rionalonprevencion.com\/index.php\/wp-json\/wp\/v2\/comments?post=2112"}],"version-history":[{"count":17,"href":"https:\/\/rionalonprevencion.com\/index.php\/wp-json\/wp\/v2\/pages\/2112\/revisions"}],"predecessor-version":[{"id":2606,"href":"https:\/\/rionalonprevencion.com\/index.php\/wp-json\/wp\/v2\/pages\/2112\/revisions\/2606"}],"wp:attachment":[{"href":"https:\/\/rionalonprevencion.com\/index.php\/wp-json\/wp\/v2\/media?parent=2112"}],"curies":[{"name":"wp","href":"https:\/\/api.w.org\/{rel}","templated":true}]}}