{"id":12,"date":"2015-09-21T11:14:20","date_gmt":"2015-09-21T11:14:20","guid":{"rendered":"http:\/\/rionalonprevencion.com\/?page_id=12"},"modified":"2023-09-21T07:20:29","modified_gmt":"2023-09-21T07:20:29","slug":"recursos","status":"publish","type":"page","link":"https:\/\/rionalonprevencion.com\/index.php\/recursos\/","title":{"rendered":"Recursos"},"content":{"rendered":"<div class=\"boxed-slider themex-slider\"><ul><li><img decoding=\"async\" src=\"http:\/\/rionalonprevencion.com\/wp-content\/uploads\/slider-prevencion-6.jpg\" alt=\"\" \/><div class=\"caption\">Rio Nalon &#8211; prevencion de riesgos laborales y formaci\u00f3n &#8211; Asturias.<\/div><\/li><li><img decoding=\"async\" src=\"http:\/\/rionalonprevencion.com\/wp-content\/uploads\/slider-prevencion-5.jpg\" alt=\"\" \/><div class=\"caption\">Rio Nalon &#8211; prevencion de riesgos laborales y formaci\u00f3n &#8211; Asturias.<\/div><\/li><li><img decoding=\"async\" src=\"http:\/\/rionalonprevencion.com\/wp-content\/uploads\/slider-prevencion-4.jpg\" alt=\"\" \/><div class=\"caption\">Rio Nalon &#8211; prevencion de riesgos laborales y formaci\u00f3n &#8211; Asturias.<\/div><\/li><li><img decoding=\"async\" src=\"http:\/\/rionalonprevencion.com\/wp-content\/uploads\/slider-prevencion-3.jpg\" alt=\"\" \/><div class=\"caption\">Rio Nalon &#8211; prevencion de riesgos laborales y formaci\u00f3n &#8211; Asturias.<\/div><\/li><li><img decoding=\"async\" src=\"http:\/\/rionalonprevencion.com\/wp-content\/uploads\/slider-prevencion-2.jpg\" alt=\"\" \/><div class=\"caption\">Rio Nalon &#8211; prevencion de riesgos laborales y formaci\u00f3n &#8211; Asturias.<\/div><\/li><li><img decoding=\"async\" src=\"http:\/\/rionalonprevencion.com\/wp-content\/uploads\/slider-prevencion-1.jpg\" alt=\"\" \/><div class=\"caption\">Rio Nalon &#8211; prevencion de riesgos laborales y formaci\u00f3n &#8211; Asturias.<\/div><\/li><\/ul><input type=\"hidden\" class=\"slider-pause\" value=\"3000\" \/><input type=\"hidden\" class=\"slider-speed\" value=\"800\" \/><div class=\"arrow arrow-left\"><\/div><div class=\"arrow arrow-right\"><\/div><\/div>\n<div class=\"sixcol column\">\n<h2>Disponemos de una amplia variedad de aparatos de medida<\/h2>\n<ul>\n<li>Son\u00f3metro<\/li>\n<li>Dos\u00edmetro<\/li>\n<li>Lux\u00f3metro digital<\/li>\n<li>Medidor de estr\u00e9s t\u00e9rmico<\/li>\n<li>Frecuenci\u00f3metro<\/li>\n<li>Cronometro<\/li>\n<li>Bomba de muestreo de alto y bajo caudal<\/li>\n<li>Telur\u00edmetro: Medidor de resistencias a tierra<\/li>\n<li>Tubos colorim\u00e9tricos<\/li>\n<li>Software de gesti\u00f3n de mediciones higi\u00e9nicas<\/li>\n<\/ul>\n<p>&nbsp;<\/p>\n<p><strong>Personal cualificado<\/strong><\/p>\n<p>T\u00e9cnicos Superiores titulados en todas las especialidades y con amplia experiencia profesional en el \u00e1mbito de la prevenci\u00f3n de riesgos laborales.<\/p>\n<p>Nuestro equipo dispone de la experiencia necesaria para conseguir que sus objetivos en seguridad se vean cumplidos.<\/p>\n<\/div>\n<div class=\"sixcol column last\">\n<div id=\"attachment_2354\" style=\"width: 260px\" class=\"wp-caption alignnone\"><a href=\"http:\/\/rionalonprevencion.com\/wp-content\/uploads\/casco.jpg\"><img loading=\"lazy\" decoding=\"async\" aria-describedby=\"caption-attachment-2354\" class=\"wp-image-2354\" src=\"http:\/\/rionalonprevencion.com\/wp-content\/uploads\/casco.jpg\" alt=\"hard_hat_gloves\" width=\"281\" height=\"281\" \/><\/a><p id=\"caption-attachment-2354\" class=\"wp-caption-text\">Trabajamos por su seguridad<\/p><\/div>\n<div id=\"attachment_2287\" style=\"width: 260px\" class=\"wp-caption alignnone\"><a href=\"http:\/\/rionalonprevencion.com\/wp-content\/uploads\/especialista.jpg\"><img loading=\"lazy\" decoding=\"async\" aria-describedby=\"caption-attachment-2287\" class=\"wp-image-2287\" src=\"http:\/\/rionalonprevencion.com\/wp-content\/uploads\/especialista.jpg\" alt=\"\" width=\"281\" height=\"281\" \/><\/a><p id=\"caption-attachment-2287\" class=\"wp-caption-text\">Somos especialistas<\/p><\/div>\n<\/div><div class=\"clear\"><\/div>\n","protected":false},"excerpt":{"rendered":"Rio Nalon - prevencion de riesgos laborales y formaci\u00f3n - Asturias.Rio Nalon - prevencion de riesgos laborales y formaci\u00f3n - Asturias.Rio Nalon - prevencion de riesgos laborales y formaci\u00f3n - Asturias.Rio Nalon - prevencion de riesgos laborales y formaci\u00f3n - Asturias.Rio Nalon - prevencion de riesgos laborales y formaci\u00f3n - Asturias.Rio Nalon - prevencion de [...]","protected":false},"author":1,"featured_media":0,"parent":0,"menu_order":0,"comment_status":"closed","ping_status":"closed","template":"","meta":{"_bbp_topic_count":0,"_bbp_reply_count":0,"_bbp_total_topic_count":0,"_bbp_total_reply_count":0,"_bbp_voice_count":0,"_bbp_anonymous_reply_count":0,"_bbp_topic_count_hidden":0,"_bbp_reply_count_hidden":0,"_bbp_forum_subforum_count":0,"footnotes":""},"class_list":["post-12","page","type-page","status-publish","hentry"],"_links":{"self":[{"href":"https:\/\/rionalonprevencion.com\/index.php\/wp-json\/wp\/v2\/pages\/12","targetHints":{"allow":["GET"]}}],"collection":[{"href":"https:\/\/rionalonprevencion.com\/index.php\/wp-json\/wp\/v2\/pages"}],"about":[{"href":"https:\/\/rionalonprevencion.com\/index.php\/wp-json\/wp\/v2\/types\/page"}],"author":[{"embeddable":true,"href":"https:\/\/rionalonprevencion.com\/index.php\/wp-json\/wp\/v2\/users\/1"}],"replies":[{"embeddable":true,"href":"https:\/\/rionalonprevencion.com\/index.php\/wp-json\/wp\/v2\/comments?post=12"}],"version-history":[{"count":17,"href":"https:\/\/rionalonprevencion.com\/index.php\/wp-json\/wp\/v2\/pages\/12\/revisions"}],"predecessor-version":[{"id":2612,"href":"https:\/\/rionalonprevencion.com\/index.php\/wp-json\/wp\/v2\/pages\/12\/revisions\/2612"}],"wp:attachment":[{"href":"https:\/\/rionalonprevencion.com\/index.php\/wp-json\/wp\/v2\/media?parent=12"}],"curies":[{"name":"wp","href":"https:\/\/api.w.org\/{rel}","templated":true}]}}